{"id":190,"date":"2021-12-28T20:21:10","date_gmt":"2021-12-28T19:21:10","guid":{"rendered":"http:\/\/leoarruda.ovh\/?page_id=190"},"modified":"2022-10-16T17:00:25","modified_gmt":"2022-10-16T15:00:25","slug":"a-propos","status":"publish","type":"page","link":"https:\/\/leoarruda.ovh\/index.php\/a-propos\/","title":{"rendered":"\u00c0 propos"},"content":{"rendered":"\t\t<div data-elementor-type=\"wp-page\" data-elementor-id=\"190\" class=\"elementor elementor-190\">\n\t\t\t\t\t\t\t\t\t<section class=\"elementor-section elementor-top-section elementor-element elementor-element-9d40063 elementor-section-boxed elementor-section-height-default elementor-section-height-default\" data-id=\"9d40063\" data-element_type=\"section\">\n\t\t\t\t\t\t<div class=\"elementor-container elementor-column-gap-default\">\n\t\t\t\t\t<div class=\"elementor-column elementor-col-100 elementor-top-column elementor-element elementor-element-35ba9f9\" data-id=\"35ba9f9\" data-element_type=\"column\">\n\t\t\t<div class=\"elementor-widget-wrap elementor-element-populated\">\n\t\t\t\t\t\t\t\t<div class=\"elementor-element elementor-element-a50c2f0 elementor-widget elementor-widget-spacer\" data-id=\"a50c2f0\" data-element_type=\"widget\" data-widget_type=\"spacer.default\">\n\t\t\t\t<div class=\"elementor-widget-container\">\n\t\t\t<style>\/*! elementor - v3.16.0 - 17-10-2023 *\/\n.elementor-column .elementor-spacer-inner{height:var(--spacer-size)}.e-con{--container-widget-width:100%}.e-con-inner>.elementor-widget-spacer,.e-con>.elementor-widget-spacer{width:var(--container-widget-width,var(--spacer-size));--align-self:var(--container-widget-align-self,initial);--flex-shrink:0}.e-con-inner>.elementor-widget-spacer>.elementor-widget-container,.e-con>.elementor-widget-spacer>.elementor-widget-container{height:100%;width:100%}.e-con-inner>.elementor-widget-spacer>.elementor-widget-container>.elementor-spacer,.e-con>.elementor-widget-spacer>.elementor-widget-container>.elementor-spacer{height:100%}.e-con-inner>.elementor-widget-spacer>.elementor-widget-container>.elementor-spacer>.elementor-spacer-inner,.e-con>.elementor-widget-spacer>.elementor-widget-container>.elementor-spacer>.elementor-spacer-inner{height:var(--container-widget-height,var(--spacer-size))}.e-con-inner>.elementor-widget-spacer.elementor-widget-empty,.e-con>.elementor-widget-spacer.elementor-widget-empty{position:relative;min-height:22px;min-width:22px}.e-con-inner>.elementor-widget-spacer.elementor-widget-empty .elementor-widget-empty-icon,.e-con>.elementor-widget-spacer.elementor-widget-empty .elementor-widget-empty-icon{position:absolute;top:0;bottom:0;left:0;right:0;margin:auto;padding:0;width:22px;height:22px}<\/style>\t\t<div class=\"elementor-spacer\">\n\t\t\t<div class=\"elementor-spacer-inner\"><\/div>\n\t\t<\/div>\n\t\t\t\t<\/div>\n\t\t\t\t<\/div>\n\t\t\t\t\t<\/div>\n\t\t<\/div>\n\t\t\t\t\t\t\t<\/div>\n\t\t<\/section>\n\t\t\t\t<section class=\"elementor-section elementor-top-section elementor-element elementor-element-dcf1abd elementor-section-content-top elementor-section-stretched elementor-section-boxed elementor-section-height-default elementor-section-height-default\" data-id=\"dcf1abd\" data-element_type=\"section\" data-settings=\"{&quot;stretch_section&quot;:&quot;section-stretched&quot;}\">\n\t\t\t\t\t\t<div class=\"elementor-container elementor-column-gap-wide\">\n\t\t\t\t\t<div class=\"elementor-column elementor-col-33 elementor-top-column elementor-element elementor-element-897afc0\" data-id=\"897afc0\" data-element_type=\"column\">\n\t\t\t<div class=\"elementor-widget-wrap elementor-element-populated\">\n\t\t\t\t\t\t\t\t<div class=\"elementor-element elementor-element-6ef4dc0 elementor-widget elementor-widget-image\" data-id=\"6ef4dc0\" data-element_type=\"widget\" data-widget_type=\"image.default\">\n\t\t\t\t<div class=\"elementor-widget-container\">\n\t\t\t<style>\/*! elementor - v3.16.0 - 17-10-2023 *\/\n.elementor-widget-image{text-align:center}.elementor-widget-image a{display:inline-block}.elementor-widget-image a img[src$=\".svg\"]{width:48px}.elementor-widget-image img{vertical-align:middle;display:inline-block}<\/style>\t\t\t\t\t\t\t\t\t\t\t\t<img width=\"205\" height=\"300\" src=\"https:\/\/leoarruda.ovh\/wp-content\/uploads\/2022\/10\/leo-2-205x300.png\" class=\"attachment-medium size-medium wp-image-1513\" alt=\"\" loading=\"lazy\" srcset=\"https:\/\/leoarruda.ovh\/wp-content\/uploads\/2022\/10\/leo-2-205x300.png 205w, https:\/\/leoarruda.ovh\/wp-content\/uploads\/2022\/10\/leo-2.png 566w\" sizes=\"(max-width: 205px) 100vw, 205px\" \/>\t\t\t\t\t\t\t\t\t\t\t\t\t\t\t<\/div>\n\t\t\t\t<\/div>\n\t\t\t\t\t<\/div>\n\t\t<\/div>\n\t\t\t\t<div class=\"elementor-column elementor-col-66 elementor-top-column elementor-element elementor-element-12d1e7e\" data-id=\"12d1e7e\" data-element_type=\"column\">\n\t\t\t<div class=\"elementor-widget-wrap elementor-element-populated\">\n\t\t\t\t\t\t\t\t<div class=\"elementor-element elementor-element-a052dab elementor-widget elementor-widget-text-editor\" data-id=\"a052dab\" data-element_type=\"widget\" data-widget_type=\"text-editor.default\">\n\t\t\t\t<div class=\"elementor-widget-container\">\n\t\t\t<style>\/*! elementor - v3.16.0 - 17-10-2023 *\/\n.elementor-widget-text-editor.elementor-drop-cap-view-stacked .elementor-drop-cap{background-color:#69727d;color:#fff}.elementor-widget-text-editor.elementor-drop-cap-view-framed .elementor-drop-cap{color:#69727d;border:3px solid;background-color:transparent}.elementor-widget-text-editor:not(.elementor-drop-cap-view-default) .elementor-drop-cap{margin-top:8px}.elementor-widget-text-editor:not(.elementor-drop-cap-view-default) .elementor-drop-cap-letter{width:1em;height:1em}.elementor-widget-text-editor .elementor-drop-cap{float:left;text-align:center;line-height:1;font-size:50px}.elementor-widget-text-editor .elementor-drop-cap-letter{display:inline-block}<\/style>\t\t\t\t<p>Je viens <strong>d&#8217;Argentine<\/strong>, o\u00f9 j&#8217;ai commenc\u00e9 mon aventure dans la publicit\u00e9.<br \/><br \/>En 2000, j&#8217;ai \u00e9migr\u00e9 en <strong>Espagne<\/strong> o\u00f9 j&#8217;ai continu\u00e9 mon chemin professionnel dans plusieurs agences de publicit\u00e9, Contrapunto <strong>BBDO<\/strong>, <strong>Ogilvy One<\/strong> puis de nombreuses ann\u00e9es chez <strong>Publicis<\/strong>. Au cours de ces ann\u00e9es, j&#8217;ai eu l&#8217;opportunit\u00e9 de travailler en tant que directeur artistique pour des campagnes publicitaires pour des grandes marques: <strong>Carrefour, Hewlett Packard, L&#8217;Oreal, Pr\u00e9sident, Land Rover<\/strong>, Groupe Recoletos, Quiero TV, Groupe Mahou, Renfe, Telepizza, <strong>Survival (ONG)<\/strong>, Telef\u00f3nica de Espa\u00f1a, Banque d&#8217;Espagne (lancement de l&#8217;euro), Minute Maid, Telecinco, Minist\u00e8re du Travail, <strong>Coca Cola Light<\/strong>.<\/p><p>\u00a0<\/p><p>In 2009 j&#8217;ai cr\u00e9\u00e9 ma propre agence pour offrir des services de <strong>communication et marketing responsable<\/strong> aux soci\u00e9t\u00e9s engag\u00e9es dans le d\u00e9veloppement durable et l&#8217;\u00e9cologie.<\/p><p>\u00a0<\/p><p>Je r\u00e9side actuellement \u00e0 <strong>Lyon<\/strong> o\u00f9 j&#8217;apprends la langue fran\u00e7aise et m&#8217;immerge dans la culture fran\u00e7aise.<\/p><p>\u00a0<\/p>\t\t\t\t\t\t<\/div>\n\t\t\t\t<\/div>\n\t\t\t\t\t<\/div>\n\t\t<\/div>\n\t\t\t\t\t\t\t<\/div>\n\t\t<\/section>\n\t\t\t\t<section class=\"elementor-section elementor-top-section elementor-element elementor-element-b55f46d elementor-section-boxed elementor-section-height-default elementor-section-height-default\" data-id=\"b55f46d\" data-element_type=\"section\">\n\t\t\t\t\t\t<div class=\"elementor-container elementor-column-gap-default\">\n\t\t\t\t\t<div class=\"elementor-column elementor-col-16 elementor-top-column elementor-element elementor-element-18b9947\" data-id=\"18b9947\" data-element_type=\"column\">\n\t\t\t<div class=\"elementor-widget-wrap\">\n\t\t\t\t\t\t\t\t\t<\/div>\n\t\t<\/div>\n\t\t\t\t<div class=\"elementor-column elementor-col-16 elementor-top-column elementor-element elementor-element-c0c03bc\" data-id=\"c0c03bc\" data-element_type=\"column\">\n\t\t\t<div class=\"elementor-widget-wrap\">\n\t\t\t\t\t\t\t\t\t<\/div>\n\t\t<\/div>\n\t\t\t\t<div class=\"elementor-column elementor-col-16 elementor-top-column elementor-element elementor-element-c8ac2b8\" data-id=\"c8ac2b8\" data-element_type=\"column\">\n\t\t\t<div class=\"elementor-widget-wrap\">\n\t\t\t\t\t\t\t\t\t<\/div>\n\t\t<\/div>\n\t\t\t\t<div class=\"elementor-column elementor-col-16 elementor-top-column elementor-element elementor-element-5452bf7\" data-id=\"5452bf7\" data-element_type=\"column\">\n\t\t\t<div class=\"elementor-widget-wrap elementor-element-populated\">\n\t\t\t\t\t\t\t\t<div class=\"elementor-element elementor-element-a5c349e elementor-widget elementor-widget-image\" data-id=\"a5c349e\" data-element_type=\"widget\" data-widget_type=\"image.default\">\n\t\t\t\t<div class=\"elementor-widget-container\">\n\t\t\t\t\t\t\t\t\t\t\t\t\t\t\t\t<a href=\"mailto:leochajari@hotmail.com\" target=\"_blank\">\n\t\t\t\t\t\t\t<img width=\"338\" height=\"338\" src=\"https:\/\/leoarruda.ovh\/wp-content\/uploads\/2022\/10\/email-3.png\" class=\"attachment-large size-large wp-image-1538\" alt=\"\" loading=\"lazy\" srcset=\"https:\/\/leoarruda.ovh\/wp-content\/uploads\/2022\/10\/email-3.png 338w, https:\/\/leoarruda.ovh\/wp-content\/uploads\/2022\/10\/email-3-300x300.png 300w, https:\/\/leoarruda.ovh\/wp-content\/uploads\/2022\/10\/email-3-150x150.png 150w\" sizes=\"(max-width: 338px) 100vw, 338px\" \/>\t\t\t\t\t\t\t\t<\/a>\n\t\t\t\t\t\t\t\t\t\t\t\t\t\t\t<\/div>\n\t\t\t\t<\/div>\n\t\t\t\t\t<\/div>\n\t\t<\/div>\n\t\t\t\t<div class=\"elementor-column elementor-col-16 elementor-top-column elementor-element elementor-element-647d307\" data-id=\"647d307\" data-element_type=\"column\">\n\t\t\t<div class=\"elementor-widget-wrap elementor-element-populated\">\n\t\t\t\t\t\t\t\t<div class=\"elementor-element elementor-element-dec2148 elementor-widget elementor-widget-e_image_hover_effects\" data-id=\"dec2148\" data-element_type=\"widget\" data-widget_type=\"e_image_hover_effects.default\">\n\t\t\t\t<div class=\"elementor-widget-container\">\n\t\t\t\t\t\t<div class=\"eihe-box eihe-fade eihe_center\">\n\t\t\t\t<img width=\"338\" height=\"338\" src=\"https:\/\/leoarruda.ovh\/wp-content\/uploads\/2022\/10\/tel-blnc.png\" class=\"attachment-full size-full wp-image-1552\" alt=\"\" loading=\"lazy\" srcset=\"https:\/\/leoarruda.ovh\/wp-content\/uploads\/2022\/10\/tel-blnc.png 338w, https:\/\/leoarruda.ovh\/wp-content\/uploads\/2022\/10\/tel-blnc-300x300.png 300w, https:\/\/leoarruda.ovh\/wp-content\/uploads\/2022\/10\/tel-blnc-150x150.png 150w\" sizes=\"(max-width: 338px) 100vw, 338px\" \/>\t\t\t\t<div class=\"eihe-caption\">\n\t\t\t\t\t<div class=\"eihe-title-cover\">\n\t\t\t\t\t\t\t\t\t\t\t\t<h1 class=\"eihe-title\"><\/h1>\n\t\t\t\t\t\t\t\t\t\t\t<\/div>\n\t\t\t\t\t<p>+33 06 17 58 99 88<\/p>\n\t\t\t\t<\/div>\n\t\t\t<\/div>\n\t\t\t\t<\/div>\n\t\t\t\t<\/div>\n\t\t\t\t\t<\/div>\n\t\t<\/div>\n\t\t\t\t<div class=\"elementor-column elementor-col-16 elementor-top-column elementor-element elementor-element-99da432\" data-id=\"99da432\" data-element_type=\"column\">\n\t\t\t<div class=\"elementor-widget-wrap elementor-element-populated\">\n\t\t\t\t\t\t\t\t<div class=\"elementor-element elementor-element-5bd4bd1 elementor-widget elementor-widget-image\" data-id=\"5bd4bd1\" data-element_type=\"widget\" data-widget_type=\"image.default\">\n\t\t\t\t<div class=\"elementor-widget-container\">\n\t\t\t\t\t\t\t\t\t\t\t\t\t\t\t\t<a href=\"https:\/\/www.linkedin.com\/in\/leandro-arruda-graphiste\/\" target=\"_blank\">\n\t\t\t\t\t\t\t<img width=\"338\" height=\"338\" src=\"https:\/\/leoarruda.ovh\/wp-content\/uploads\/2022\/10\/linkedin.png\" class=\"attachment-large size-large wp-image-1541\" alt=\"\" loading=\"lazy\" srcset=\"https:\/\/leoarruda.ovh\/wp-content\/uploads\/2022\/10\/linkedin.png 338w, https:\/\/leoarruda.ovh\/wp-content\/uploads\/2022\/10\/linkedin-300x300.png 300w, https:\/\/leoarruda.ovh\/wp-content\/uploads\/2022\/10\/linkedin-150x150.png 150w\" sizes=\"(max-width: 338px) 100vw, 338px\" \/>\t\t\t\t\t\t\t\t<\/a>\n\t\t\t\t\t\t\t\t\t\t\t\t\t\t\t<\/div>\n\t\t\t\t<\/div>\n\t\t\t\t\t<\/div>\n\t\t<\/div>\n\t\t\t\t\t\t\t<\/div>\n\t\t<\/section>\n\t\t\t\t\t\t\t<\/div>\n\t\t","protected":false},"excerpt":{"rendered":"<p>Je viens d&#8217;Argentine, o\u00f9 j&#8217;ai commenc\u00e9 mon aventure dans la publicit\u00e9. En 2000, j&#8217;ai \u00e9migr\u00e9 en Espagne o\u00f9 j&#8217;ai continu\u00e9 mon chemin professionnel dans plusieurs agences de publicit\u00e9, Contrapunto BBDO, Ogilvy One puis de nombreuses ann\u00e9es chez Publicis. Au cours de ces ann\u00e9es, j&#8217;ai eu l&#8217;opportunit\u00e9 de travailler en tant que directeur artistique pour des [&hellip;]<\/p>\n","protected":false},"author":1,"featured_media":0,"parent":0,"menu_order":0,"comment_status":"closed","ping_status":"closed","template":"","meta":[],"_links":{"self":[{"href":"https:\/\/leoarruda.ovh\/index.php\/wp-json\/wp\/v2\/pages\/190"}],"collection":[{"href":"https:\/\/leoarruda.ovh\/index.php\/wp-json\/wp\/v2\/pages"}],"about":[{"href":"https:\/\/leoarruda.ovh\/index.php\/wp-json\/wp\/v2\/types\/page"}],"author":[{"embeddable":true,"href":"https:\/\/leoarruda.ovh\/index.php\/wp-json\/wp\/v2\/users\/1"}],"replies":[{"embeddable":true,"href":"https:\/\/leoarruda.ovh\/index.php\/wp-json\/wp\/v2\/comments?post=190"}],"version-history":[{"count":192,"href":"https:\/\/leoarruda.ovh\/index.php\/wp-json\/wp\/v2\/pages\/190\/revisions"}],"predecessor-version":[{"id":1597,"href":"https:\/\/leoarruda.ovh\/index.php\/wp-json\/wp\/v2\/pages\/190\/revisions\/1597"}],"wp:attachment":[{"href":"https:\/\/leoarruda.ovh\/index.php\/wp-json\/wp\/v2\/media?parent=190"}],"curies":[{"name":"wp","href":"https:\/\/api.w.org\/{rel}","templated":true}]}}